{"id":2915,"date":"2026-02-18T12:13:44","date_gmt":"2026-02-18T12:13:44","guid":{"rendered":"https:\/\/griftengracht.nl\/?page_id=2915"},"modified":"2026-03-05T15:01:22","modified_gmt":"2026-03-05T15:01:22","slug":"downtown-living","status":"publish","type":"page","link":"https:\/\/griftengracht.nl\/en\/wonen-in-de-binnenstad\/","title":{"rendered":"Living Downtown"},"content":{"rendered":"<figure itemscope itemtype=\"https:\/\/schema.org\/ImageObject\">\n\t\t\t\t<img decoding=\"async\" src=\"https:\/\/griftengracht.nl\/wp-content\/uploads\/2026\/02\/Zonder-titel-1920-x-1080-px-11.png\" alt=\"Untitled (1920 X 1080 Px) 11\" height=\"600\" width=\"1920\" title=\"Untitled (1920 X 1080 Px) 11\" onerror=\"this.style.display='none'\" loading=\"lazy\" \/>\n\t<\/figure>\n\t<h2>WONEN IN DE BINNENSTAD &#8211; HISTORISCH WONEN IN HET HART VAN UTRECHT<\/h2>\n<p>Utrecht's inner city is the beating heart of the city. Here you live among monumental buildings, characteristic canals and lively squares, such as the Neude, Mariaplaats and Janskerkhof. The atmosphere is unique: historic and vibrant at the same time.<\/p>\n<p>Did you know that Utrecht's Inner City consists of five city quarters? Each quarter has its own atmosphere and character:<\/p>\n<ul>\n<li>Domkwartier &#8211; Het hart van de stad, de iconische Domtoren. Je vindt hier de prachtige Domkerk en haar binnentuin, gezellige straten zoals de oudste bestrate winkelstraat van Utrecht: de Zadelstraat. Vanaf de Domtoren loop je zo naar het Wed, waar je veel gezellige en goede restaurants vindt, zoals Bistro Madeleine en Sea Salt Saloon.<\/li>\n<\/ul>\n<ul>\n<li>Museumkwartier &#8211; Dit kwartier bestaat o.a. uit de gezellige Twijnstraat waar je heel goed je dagelijkse boodschappen kan doen, met een Keurslager, de Albert Heijn, een vishandel, groenteboer en een kaasspeciaalzaak. Het Ledig Erf met heel veel leuke caf\u00e9s en restaurants zoals De Poort en L\u00e9o L\u00e9o.<\/li>\n<\/ul>\n<ul>\n<li>Stadhuiskwartier &#8211; Utrechtse iconen zoals de Winkel van Sinkel en de Neude bevinden zich in het Stadhuiskwartier, net zoals &#8211; de naam zegt het al &#8211; het Stadhuis.<\/li>\n<\/ul>\n<ul>\n<li>Universiteitskwartier &#8211; Dit deel van de stad gaat steeds meer floreren, met leuke winkels zoals Juta en de Voorstraat dat een flinke opknapbeurt heeft gekregen met steeds meer leuke restaurants zoals Koenraad, Loft88 en wijnbar VinVin.<\/li>\n<\/ul>\n<ul>\n<li>Vredenburgkwartier &#8211; Winkelen op de Steenweg en in Hoog Catharijne, naar een concert in Tivoli Vredenbrug en vlakbij het station. Het Vredenburg kwartier is een veelzijdig kwartier, met het restaurantstraatje van Utrecht: Drieharingstraat.<\/li>\n<\/ul>\n<p><strong>Schools<\/strong><\/p>\n<p>In and around the Inner City you will find several elementary schools, child care locations and high schools. Think of: Agatha Snellen School, the Free School, St. Gregorius College and St. Bonifatius College. The Hogeschool Utrecht and Utrecht University are also within walking or biking distance.<\/p>\n<figure itemscope itemtype=\"https:\/\/schema.org\/ImageObject\">\n\t\t\t\t<img decoding=\"async\" src=\"https:\/\/griftengracht.nl\/wp-content\/uploads\/2026\/02\/3-1.png\" alt=\"3\" height=\"1400\" width=\"2100\" title=\"3\" onerror=\"this.style.display='none'\" loading=\"lazy\" \/>\n\t<\/figure>\n<p><strong>Accessibility<\/strong><\/p>\n<p>Downtown Utrecht is easily accessible, especially by public transportation:<\/p>\n<ul>\n<li>5-minute bike ride to Utrecht Centraal the largest train station in the city, with connections throughout the Netherlands<\/li>\n<li>Uitstekende busverbindingen &#8211; vrijwel elk stadsdeel en omliggende wijken zijn eenvoudig bereikbaar<\/li>\n<li>Fiets is ideaal &#8211; de smalle straatjes en eenrichtingswegen maken de fiets vaak sneller dan de auto<\/li>\n<\/ul>\n<p>In the Inner City of Utrecht, as a resident you can apply for a parking permit for the residents' zone. Keep in mind that parking spots are limited and there may be a waiting list. Costs are higher than in suburbs, but a permit allows you to park in the immediate area.<\/p>\n<p>Veel inwoners kiezen daarnaast voor parkeergarages, P+R-locaties net buiten het centrum, of maken gebruik van deelfietsen en deelauto&#8217;s, omdat de straten smal zijn en het autoverkeer druk kan zijn. Zo combineer je gemak met wonen in het historische hart van de stad.<\/p>\n<figure itemscope itemtype=\"https:\/\/schema.org\/ImageObject\">\n\t\t\t\t<img decoding=\"async\" src=\"https:\/\/griftengracht.nl\/wp-content\/uploads\/2026\/02\/2-1.png\" alt=\"2\" height=\"1400\" width=\"2100\" title=\"2\" onerror=\"this.style.display='none'\" loading=\"lazy\" \/>\n\t<\/figure>\n<figure itemscope itemtype=\"https:\/\/schema.org\/ImageObject\">\n\t\t\t\t<img decoding=\"async\" src=\"https:\/\/griftengracht.nl\/wp-content\/plugins\/bb-plugin\/img\/pixel.png\" alt=\"\" onerror=\"this.style.display='none'\" loading=\"lazy\" \/>\n\t<\/figure>\n<p><strong>Shopping downtown<\/strong><\/p>\n<p>Living in Utrecht's Inner City means having everything within walking distance. From daily groceries to special delicacies:<\/p>\n<ul>\n<li>Supermarkets: Albert Heijn, Jumbo, Spar and the Boons scattered throughout the neighborhood<\/li>\n<li>Delicatessens &amp; specialty stores: Utregs Wijnhuis, Bond &amp; Smolders for the tastiest pastries, Bigoli for putting together an Italian drinks board, Zuivelhoeve on Lijnmarkt for cheeses and nuts.<\/li>\n<li>Markets: At Vredenburg (Wednesday, Friday and Saturday) you can find fresh fish, meat, vegetables, fruit, syrup waffles, clothing and more. In addition, on Fridays there is the Organic Farmers Market with local and organic products. A perfect place for fresh shopping and bargains! At Janskerhof you will find the Flower Market every Saturday, for beautiful bouquets, plants and in winter: Christmas trees.<\/li>\n<li>Organic stores: Ekoplaza and local organic shops for fresh, sustainable produce.<\/li>\n<\/ul>","protected":false},"excerpt":{"rendered":"<p>WONEN IN DE BINNENSTAD &#8211; HISTORISCH WONEN IN HET HART VAN UTRECHT De Binnenstad van Utrecht is het kloppend hart van de stad. Hier woon je tussen monumentale panden, karakteristieke grachten en levendige pleinen, zoals de Neude, Mariaplaats en het Janskerkhof. De sfeer is uniek: historisch en bruisend tegelijk. Wist je dat de Utrechtse Binnenstad&hellip;<\/p>","protected":false},"author":5,"featured_media":0,"parent":0,"menu_order":0,"comment_status":"closed","ping_status":"closed","template":"","meta":{"footnotes":""},"class_list":["post-2915","page","type-page","status-publish","hentry"],"_links":{"self":[{"href":"https:\/\/griftengracht.nl\/en\/wp-json\/wp\/v2\/pages\/2915","targetHints":{"allow":["GET"]}}],"collection":[{"href":"https:\/\/griftengracht.nl\/en\/wp-json\/wp\/v2\/pages"}],"about":[{"href":"https:\/\/griftengracht.nl\/en\/wp-json\/wp\/v2\/types\/page"}],"author":[{"embeddable":true,"href":"https:\/\/griftengracht.nl\/en\/wp-json\/wp\/v2\/users\/5"}],"replies":[{"embeddable":true,"href":"https:\/\/griftengracht.nl\/en\/wp-json\/wp\/v2\/comments?post=2915"}],"version-history":[{"count":0,"href":"https:\/\/griftengracht.nl\/en\/wp-json\/wp\/v2\/pages\/2915\/revisions"}],"wp:attachment":[{"href":"https:\/\/griftengracht.nl\/en\/wp-json\/wp\/v2\/media?parent=2915"}],"curies":[{"name":"wp","href":"https:\/\/api.w.org\/{rel}","templated":true}]}}